{"id":3719,"date":"2019-09-17T16:16:46","date_gmt":"2019-09-17T16:16:46","guid":{"rendered":"https:\/\/tecnovip.com\/?page_id=3719"},"modified":"2019-09-30T12:57:14","modified_gmt":"2019-09-30T12:57:14","slug":"qualificacao-termica","status":"publish","type":"page","link":"https:\/\/tecnovip.com\/?page_id=3719","title":{"rendered":"QUALIFICA\u00c7\u00c3O T\u00c9RMICA"},"content":{"rendered":"\r\n<p>Realizamos servi\u00e7os de qualifica\u00e7\u00e3o t\u00e9rmicas para os mais diversos tipos de ind\u00fastrias, contamos com uma equipe experiente e qualificada para a execu\u00e7\u00e3o deste servi\u00e7o.<\/p>\r\n<ul>\r\n<li>Qualifica\u00e7\u00e3o T\u00e9rmica de Armaz\u00e9ns<\/li>\r\n<li>Qualifica\u00e7\u00e3o T\u00e9rmica de Estufas<\/li>\r\n<li>Qualifica\u00e7\u00e3o T\u00e9rmica de Frigor\u00edficos<\/li>\r\n<li>Qualifica\u00e7\u00e3o T\u00e9rmica de Galp\u00f5es<\/li>\r\n<li>Qualifica\u00e7\u00e3o T\u00e9rmica de Caminh\u00f5es<\/li>\r\n<li>Qualifica\u00e7\u00e3o T\u00e9rmica de Ve\u00edculos Refrigerados<\/li>\r\n<li>Qualifica\u00e7\u00e3o T\u00e9rmica de Fornos<\/li>\r\n<li>Qualifica\u00e7\u00e3o T\u00e9rmica de C\u00e2maras Clim\u00e1ticas<\/li>\r\n<li>Qualifica\u00e7\u00e3o T\u00e9rmica de Autoclaves<\/li>\r\n<li>Qualifica\u00e7\u00e3o T\u00e9rmica de Containers Refrigerados<\/li>\r\n<\/ul>\r\n<p>Necessita de um or\u00e7amento para uma qualifica\u00e7\u00e3o t\u00e9rmica, entre em contato conosco atrav\u00e9s do email <a href=\"mailto:calibracao@tecnovip.com\">calibracao@tecnovip.com<\/a><\/p>\r\n<p>&nbsp;<\/p>\r\n<p>&nbsp;<\/p>\r\n<p>&nbsp;<\/p>\r\n","protected":false},"excerpt":{"rendered":"<p>Realizamos servi\u00e7os de qualifica\u00e7\u00e3o t\u00e9rmicas para os mais diversos tipos de ind\u00fastrias, contamos com uma equipe experiente e qualificada para a execu\u00e7\u00e3o deste servi\u00e7o. Qualifica\u00e7\u00e3o T\u00e9rmica de Armaz\u00e9ns Qualifica\u00e7\u00e3o T\u00e9rmica de Estufas Qualifica\u00e7\u00e3o T\u00e9rmica de Frigor\u00edficos Qualifica\u00e7\u00e3o T\u00e9rmica de Galp\u00f5es Qualifica\u00e7\u00e3o T\u00e9rmica de Caminh\u00f5es Qualifica\u00e7\u00e3o T\u00e9rmica de Ve\u00edculos Refrigerados Qualifica\u00e7\u00e3o T\u00e9rmica de Fornos Qualifica\u00e7\u00e3o T\u00e9rmica [&hellip;]<\/p>\n","protected":false},"author":1,"featured_media":0,"parent":0,"menu_order":0,"comment_status":"closed","ping_status":"closed","template":"","meta":{"footnotes":""},"class_list":["post-3719","page","type-page","status-publish","hentry"],"_links":{"self":[{"href":"https:\/\/tecnovip.com\/index.php?rest_route=\/wp\/v2\/pages\/3719","targetHints":{"allow":["GET"]}}],"collection":[{"href":"https:\/\/tecnovip.com\/index.php?rest_route=\/wp\/v2\/pages"}],"about":[{"href":"https:\/\/tecnovip.com\/index.php?rest_route=\/wp\/v2\/types\/page"}],"author":[{"embeddable":true,"href":"https:\/\/tecnovip.com\/index.php?rest_route=\/wp\/v2\/users\/1"}],"replies":[{"embeddable":true,"href":"https:\/\/tecnovip.com\/index.php?rest_route=%2Fwp%2Fv2%2Fcomments&post=3719"}],"version-history":[{"count":5,"href":"https:\/\/tecnovip.com\/index.php?rest_route=\/wp\/v2\/pages\/3719\/revisions"}],"predecessor-version":[{"id":3778,"href":"https:\/\/tecnovip.com\/index.php?rest_route=\/wp\/v2\/pages\/3719\/revisions\/3778"}],"wp:attachment":[{"href":"https:\/\/tecnovip.com\/index.php?rest_route=%2Fwp%2Fv2%2Fmedia&parent=3719"}],"curies":[{"name":"wp","href":"https:\/\/api.w.org\/{rel}","templated":true}]}}