{"id":3717,"date":"2019-09-17T16:13:09","date_gmt":"2019-09-17T16:13:09","guid":{"rendered":"https:\/\/tecnovip.com\/?page_id=3717"},"modified":"2020-09-08T14:07:40","modified_gmt":"2020-09-08T14:07:40","slug":"calibracao","status":"publish","type":"page","link":"https:\/\/tecnovip.com\/?page_id=3717","title":{"rendered":"CALIBRA\u00c7\u00c3O"},"content":{"rendered":"<p>[vc_row rt_row_background_width=&#8221;default&#8221; rt_row_style=&#8221;default-style&#8221; rt_row_borders=&#8221;&#8221; rt_row_paddings=&#8221;true&#8221; rt_bg_effect=&#8221;classic&#8221; rt_bg_image_repeat=&#8221;repeat&#8221; rt_bg_size=&#8221;cover&#8221; rt_bg_position=&#8221;right top&#8221; rt_bg_attachment=&#8221;scroll&#8221; rt_bg_video_format=&#8221;self-hosted&#8221;][vc_column rt_wrp_col_paddings=&#8221;false&#8221; rt_border_top=&#8221;&#8221; rt_border_bottom=&#8221;&#8221; rt_border_left=&#8221;&#8221; rt_border_right=&#8221;&#8221; rt_border_top_mobile=&#8221;&#8221; rt_border_bottom_mobile=&#8221;&#8221; rt_border_left_mobile=&#8221;&#8221; rt_border_right_mobile=&#8221;&#8221; rt_bg_image_repeat=&#8221;repeat&#8221; rt_bg_size=&#8221;auto auto&#8221; rt_bg_position=&#8221;right top&#8221; rt_bg_attachment=&#8221;scroll&#8221;][vc_gallery type=&#8221;image_grid&#8221; images=&#8221;3784,3783,3782,3765,3736,3142&#8243; onclick=&#8221;&#8221;][vc_column_text]<\/p>\r\n<p>Com um laborat\u00f3rio equipado e uma equipe qualificada, a TECNOVIP realiza calibra\u00e7\u00f5es num escopo variado, atendendo assim \u00e1s necessidades dos nossos clientes. Realizamos calibra\u00e7\u00f5es tanto no nosso laborat\u00f3rio quanto nas instala\u00e7\u00f5es do cliente (In Loco).<\/p>\r\n<p><strong>Rela\u00e7\u00e3o das calibra\u00e7\u00f5es acreditadas realizadas pela Tecnovip:<\/strong><\/p>\r\n<p>Medidor de Umidade Relativa<br \/>C\u00e2mara T\u00e9rmica<br \/>Medidor de Temperatura com Sensor<br \/>Termopar<br \/>Medidor de Temperatura com Sensor<br \/>Termoresistivo ou Outros Sensores<br \/>Term\u00f4metro de L\u00edquido em Vidro<br \/>Term\u00f4metro Mec\u00e2nico<br \/>Termopar de Metais B\u00e1sicos<br \/>Termopar de Metais Nobres<br \/>Termoresist\u00eancia<\/p>\r\n<p><strong>Rela\u00e7\u00e3o das calibra\u00e7\u00f5es rastreadas realizadas pela Tecnovip:<\/strong><\/p>\r\n<p>Anem\u00f4metros (Velocidade do Vento)<br \/>Atividade de \u00c1gua<br \/>Baf\u00f4metros (Etil\u00f4metros)<br \/>Balan\u00e7as Industriais<br \/>Balan\u00e7as Semi-Anal\u00edticas<br \/>Balan\u00e7as Anal\u00edticas<br \/>Balan\u00e7as de Umidade<br \/>Bal\u00f5es Volum\u00e9tricos<br \/>Bar\u00f4metros<br \/>Blocos Padr\u00e3o (mm)<br \/>Bombas de Amostragem<br \/>Buretas Digitais<br \/>Buretas de Vidro<br \/>Calibradores Digitais Multi Fun\u00e7\u00e3o<br \/>Calibradores Ac\u00fasticos<br \/>Color\u00edmetros<br \/>Colunas Manom\u00e9tricas<br \/>Condutividade<br \/>Controladores de Press\u00e3o<br \/>Calibradores de Corrente<br \/>Cron\u00f4metros<br \/>Decibel\u00edmetros<br \/>Dens\u00edmetros<br \/>Detectores ou Analisadores de G\u00e1s &#8211; LEL \/ CH4 &#8211; (Metano)<br \/>Detectores ou Analisadores de G\u00e1s &#8211; CO2 (Di\u00f3xido de Carbono)<br \/>Detectores ou Analisadores de G\u00e1s &#8211; H2S (Sulfeto de Hidrog\u00eanio)<br \/>Detectores ou Analisadores de G\u00e1s &#8211; CO (Mon\u00f3xido de Carbono)<br \/>Detectores ou Analisadores de G\u00e1s \u2013 NO \/ NOx &#8211; (\u00d3xido de nitrog\u00eanio)<br \/>Detectores ou Analisadores de G\u00e1s &#8211; O2 (Oxig\u00eanio)<br \/>Detectores ou Analisadores de Gases &#8211; 04 Gases (O2 \/ CO \/ H2S \/ LEL)<br \/>Detectores ou Analisadores de G\u00e1s &#8211; NO2 (Di\u00f3xido de Nitrog\u00eanio)<br \/>Detectores ou Analisadores de G\u00e1s &#8211; SO2 (Di\u00f3xido de Enxofre)<br \/>Detectores ou Analisadores de G\u00e1s \u2013 VOC\u00b4s (Compostos Org\u00e2nicos Vol\u00e1teis)<br \/>Dinam\u00f4metros<br \/>Dos\u00edmetros de Ru\u00eddo<br \/>Eletrodos de ORP<br \/>Escalas<br \/>Esta\u00e7\u00e3o Meteorol\u00f3gica (Temp\/Umid\/Press\u00e3o\/Veloc. Vento)<br \/>Espectrofot\u00f4metros<br \/>Hidr\u00f4metros<br \/>Indicadores de RPM<br \/>Lux\u00edmetros<br \/>Man\u00f4metros<br \/>Medidores de Fl\u00faor<br \/>Medidores de Vaz\u00e3o de L\u00edquidos<br \/>Medidores de Vaz\u00e3o de Gases<br \/>Medidores de Umidade em Madeira<br \/>Medidores de Espessura<br \/>Medidores de Vibra\u00e7\u00e3o<br \/>Medidores de Velocidade &#8211; RPM<br \/>Micro-Man\u00f4metros<br \/>Micr\u00f3metros<br \/>Paqu\u00edmetros<br \/>Picn\u00f4metros<br \/>Pipetas<br \/>Phmetros<br \/>Pesos Padr\u00f5es<br \/>Pir\u00f4metros \u00d3pticos<br \/>Ponto de Orvalho<br \/>Press\u00e3o Barom\u00e9trica<br \/>Pressostatos<br \/>Provetas<br \/>Refrat\u00f4metros<br \/>Rot\u00e2metros<br \/>Salin\u00f4metros<br \/>Tac\u00f4metros<br \/>Temporizadores<br \/>Term\u00f4metros Infra-vermelho<br \/>Termo-anem\u00f4metros<br \/>Trenas<br \/>Transmissores de Press\u00e3o<br \/>Turbid\u00edmetros<br \/>Vacu\u00f4metros<br \/>Sondas de Velocidade do Vento<\/p>\r\n\r\n<p>&nbsp;<\/p>\r\n<p>[\/vc_column_text][\/vc_column][\/vc_row][vc_row rt_row_background_width=&#8221;default&#8221; rt_row_style=&#8221;default-style&#8221; rt_row_borders=&#8221;&#8221; rt_row_paddings=&#8221;true&#8221; rt_bg_effect=&#8221;classic&#8221; rt_bg_image_repeat=&#8221;repeat&#8221; rt_bg_size=&#8221;cover&#8221; rt_bg_position=&#8221;right top&#8221; rt_bg_attachment=&#8221;scroll&#8221; rt_bg_video_format=&#8221;self-hosted&#8221;][vc_column rt_wrp_col_paddings=&#8221;false&#8221; rt_border_top=&#8221;&#8221; rt_border_bottom=&#8221;&#8221; rt_border_left=&#8221;&#8221; rt_border_right=&#8221;&#8221; rt_border_top_mobile=&#8221;&#8221; rt_border_bottom_mobile=&#8221;&#8221; rt_border_left_mobile=&#8221;&#8221; rt_border_right_mobile=&#8221;&#8221; rt_bg_image_repeat=&#8221;repeat&#8221; rt_bg_size=&#8221;auto auto&#8221; rt_bg_position=&#8221;right top&#8221; rt_bg_attachment=&#8221;scroll&#8221;][\/vc_column][\/vc_row]<\/p>","protected":false},"excerpt":{"rendered":"<p>[vc_row rt_row_background_width=&#8221;default&#8221; rt_row_style=&#8221;default-style&#8221; rt_row_borders=&#8221;&#8221; rt_row_paddings=&#8221;true&#8221; rt_bg_effect=&#8221;classic&#8221; rt_bg_image_repeat=&#8221;repeat&#8221; rt_bg_size=&#8221;cover&#8221; rt_bg_position=&#8221;right top&#8221; rt_bg_attachment=&#8221;scroll&#8221; rt_bg_video_format=&#8221;self-hosted&#8221;][vc_column rt_wrp_col_paddings=&#8221;false&#8221; rt_border_top=&#8221;&#8221; rt_border_bottom=&#8221;&#8221; rt_border_left=&#8221;&#8221; rt_border_right=&#8221;&#8221; rt_border_top_mobile=&#8221;&#8221; rt_border_bottom_mobile=&#8221;&#8221; rt_border_left_mobile=&#8221;&#8221; rt_border_right_mobile=&#8221;&#8221; rt_bg_image_repeat=&#8221;repeat&#8221; rt_bg_size=&#8221;auto auto&#8221; rt_bg_position=&#8221;right top&#8221; rt_bg_attachment=&#8221;scroll&#8221;][vc_gallery type=&#8221;image_grid&#8221; images=&#8221;3784,3783,3782,3765,3736,3142&#8243; onclick=&#8221;&#8221;][vc_column_text] Com um laborat\u00f3rio equipado e uma equipe qualificada, a TECNOVIP realiza calibra\u00e7\u00f5es num escopo variado, atendendo assim \u00e1s necessidades dos nossos clientes. Realizamos calibra\u00e7\u00f5es tanto [&hellip;]<\/p>\n","protected":false},"author":1,"featured_media":0,"parent":0,"menu_order":0,"comment_status":"closed","ping_status":"closed","template":"","meta":{"footnotes":""},"class_list":["post-3717","page","type-page","status-publish","hentry"],"_links":{"self":[{"href":"https:\/\/tecnovip.com\/index.php?rest_route=\/wp\/v2\/pages\/3717","targetHints":{"allow":["GET"]}}],"collection":[{"href":"https:\/\/tecnovip.com\/index.php?rest_route=\/wp\/v2\/pages"}],"about":[{"href":"https:\/\/tecnovip.com\/index.php?rest_route=\/wp\/v2\/types\/page"}],"author":[{"embeddable":true,"href":"https:\/\/tecnovip.com\/index.php?rest_route=\/wp\/v2\/users\/1"}],"replies":[{"embeddable":true,"href":"https:\/\/tecnovip.com\/index.php?rest_route=%2Fwp%2Fv2%2Fcomments&post=3717"}],"version-history":[{"count":9,"href":"https:\/\/tecnovip.com\/index.php?rest_route=\/wp\/v2\/pages\/3717\/revisions"}],"predecessor-version":[{"id":4264,"href":"https:\/\/tecnovip.com\/index.php?rest_route=\/wp\/v2\/pages\/3717\/revisions\/4264"}],"wp:attachment":[{"href":"https:\/\/tecnovip.com\/index.php?rest_route=%2Fwp%2Fv2%2Fmedia&parent=3717"}],"curies":[{"name":"wp","href":"https:\/\/api.w.org\/{rel}","templated":true}]}}