{"id":3695,"date":"2019-09-17T13:08:40","date_gmt":"2019-09-17T13:08:40","guid":{"rendered":"https:\/\/tecnovip.com\/?page_id=3695"},"modified":"2025-11-03T11:37:08","modified_gmt":"2025-11-03T11:37:08","slug":"locacao","status":"publish","type":"page","link":"https:\/\/tecnovip.com\/?page_id=3695","title":{"rendered":"LOCA\u00c7\u00c3O"},"content":{"rendered":"<p>[vc_row rt_row_background_width=&#8221;default&#8221; rt_row_style=&#8221;default-style&#8221; rt_row_borders=&#8221;&#8221; rt_row_paddings=&#8221;true&#8221; rt_bg_effect=&#8221;classic&#8221; rt_bg_image_repeat=&#8221;repeat&#8221; rt_bg_size=&#8221;cover&#8221; rt_bg_position=&#8221;right top&#8221; rt_bg_attachment=&#8221;scroll&#8221; rt_bg_video_format=&#8221;self-hosted&#8221;][vc_column rt_wrp_col_paddings=&#8221;false&#8221; rt_border_top=&#8221;&#8221; rt_border_bottom=&#8221;&#8221; rt_border_left=&#8221;&#8221; rt_border_right=&#8221;&#8221; rt_border_top_mobile=&#8221;&#8221; rt_border_bottom_mobile=&#8221;&#8221; rt_border_left_mobile=&#8221;&#8221; rt_border_right_mobile=&#8221;&#8221; rt_bg_image_repeat=&#8221;repeat&#8221; rt_bg_size=&#8221;auto auto&#8221; rt_bg_position=&#8221;right top&#8221; rt_bg_attachment=&#8221;scroll&#8221;][vc_column_text]A loca\u00e7\u00e3o \/ aluguel de equipamentos de medi\u00e7\u00e3o \u00e9 um servi\u00e7o que a Tecnovip disponibiliza para os seus clientes que queiram realizar uma ou v\u00e1rias medi\u00e7\u00f5es durante um per\u00edodo de tempo. Temos \u00e0 disposi\u00e7\u00e3o dos nossos clientes diversos equipamentos calibrados que podem ser usados em diversas ocasi\u00f5es sem que assim o cliente tenha que comprar o equipamento.<\/p>\n<p>Temos \u00e0 disposi\u00e7\u00e3o dos nossos clientes os seguintes equipamentos para loca\u00e7\u00e3o \/ aluguel:<\/p>\n<p>&#8211; Datalogger de Temperatura<br \/>\n&#8211; Datalogger de Temperatura e Umidade<br \/>\n&#8211; Detector de Vazamentos por Ultrassom<br \/>\n&#8211; Decibel\u00edmetro<br \/>\n&#8211; Lux\u00edmetro<br \/>\n&#8211; Detector de 4 Gases ( Explosividade, G\u00e1s Sulf\u00eddrico, Oxig\u00eanio, Mon\u00f3xido de Carbono )<br \/>\n&#8211; Explosiv\u00edmetro<br \/>\n&#8211; Ox\u00edmetro<\/p>\n<p><em>Contate-nos para saber os nossos pre\u00e7os.<\/em><\/p>\n<p>Os valores de loca\u00e7\u00e3o variam conforme a quantidade de dias e quantidade de equipamentos locados.[\/vc_column_text][\/vc_column][\/vc_row][vc_row rt_row_background_width=&#8221;default&#8221; rt_row_style=&#8221;default-style&#8221; rt_row_borders=&#8221;&#8221; rt_row_paddings=&#8221;true&#8221; rt_bg_effect=&#8221;classic&#8221; rt_bg_image_repeat=&#8221;repeat&#8221; rt_bg_size=&#8221;cover&#8221; rt_bg_position=&#8221;right top&#8221; rt_bg_attachment=&#8221;scroll&#8221; rt_bg_video_format=&#8221;self-hosted&#8221;][vc_column rt_wrp_col_paddings=&#8221;false&#8221; rt_border_top=&#8221;&#8221; rt_border_bottom=&#8221;&#8221; rt_border_left=&#8221;&#8221; rt_border_right=&#8221;&#8221; rt_border_top_mobile=&#8221;&#8221; rt_border_bottom_mobile=&#8221;&#8221; rt_border_left_mobile=&#8221;&#8221; rt_border_right_mobile=&#8221;&#8221; rt_bg_image_repeat=&#8221;repeat&#8221; rt_bg_size=&#8221;auto auto&#8221; rt_bg_position=&#8221;right top&#8221; rt_bg_attachment=&#8221;scroll&#8221;][vc_gallery type=&#8221;image_grid&#8221; images=&#8221;3739,3738,3737,3736&#8243; onclick=&#8221;&#8221;][\/vc_column][\/vc_row]<\/p>\n","protected":false},"excerpt":{"rendered":"<p>[vc_row rt_row_background_width=&#8221;default&#8221; rt_row_style=&#8221;default-style&#8221; rt_row_borders=&#8221;&#8221; rt_row_paddings=&#8221;true&#8221; rt_bg_effect=&#8221;classic&#8221; rt_bg_image_repeat=&#8221;repeat&#8221; rt_bg_size=&#8221;cover&#8221; rt_bg_position=&#8221;right top&#8221; rt_bg_attachment=&#8221;scroll&#8221; rt_bg_video_format=&#8221;self-hosted&#8221;][vc_column rt_wrp_col_paddings=&#8221;false&#8221; rt_border_top=&#8221;&#8221; rt_border_bottom=&#8221;&#8221; rt_border_left=&#8221;&#8221; rt_border_right=&#8221;&#8221; rt_border_top_mobile=&#8221;&#8221; rt_border_bottom_mobile=&#8221;&#8221; rt_border_left_mobile=&#8221;&#8221; rt_border_right_mobile=&#8221;&#8221; rt_bg_image_repeat=&#8221;repeat&#8221; rt_bg_size=&#8221;auto auto&#8221; rt_bg_position=&#8221;right top&#8221; rt_bg_attachment=&#8221;scroll&#8221;][vc_column_text]A loca\u00e7\u00e3o \/ aluguel de equipamentos de medi\u00e7\u00e3o \u00e9 um servi\u00e7o que a Tecnovip disponibiliza para os seus clientes que queiram realizar uma ou v\u00e1rias medi\u00e7\u00f5es durante um per\u00edodo [&hellip;]<\/p>\n","protected":false},"author":1,"featured_media":0,"parent":0,"menu_order":0,"comment_status":"closed","ping_status":"closed","template":"","meta":{"footnotes":""},"class_list":["post-3695","page","type-page","status-publish","hentry"],"_links":{"self":[{"href":"https:\/\/tecnovip.com\/index.php?rest_route=\/wp\/v2\/pages\/3695","targetHints":{"allow":["GET"]}}],"collection":[{"href":"https:\/\/tecnovip.com\/index.php?rest_route=\/wp\/v2\/pages"}],"about":[{"href":"https:\/\/tecnovip.com\/index.php?rest_route=\/wp\/v2\/types\/page"}],"author":[{"embeddable":true,"href":"https:\/\/tecnovip.com\/index.php?rest_route=\/wp\/v2\/users\/1"}],"replies":[{"embeddable":true,"href":"https:\/\/tecnovip.com\/index.php?rest_route=%2Fwp%2Fv2%2Fcomments&post=3695"}],"version-history":[{"count":9,"href":"https:\/\/tecnovip.com\/index.php?rest_route=\/wp\/v2\/pages\/3695\/revisions"}],"predecessor-version":[{"id":5568,"href":"https:\/\/tecnovip.com\/index.php?rest_route=\/wp\/v2\/pages\/3695\/revisions\/5568"}],"wp:attachment":[{"href":"https:\/\/tecnovip.com\/index.php?rest_route=%2Fwp%2Fv2%2Fmedia&parent=3695"}],"curies":[{"name":"wp","href":"https:\/\/api.w.org\/{rel}","templated":true}]}}