{"id":3097,"date":"2019-05-06T15:56:07","date_gmt":"2019-05-06T15:56:07","guid":{"rendered":"https:\/\/tecnovip.com\/?page_id=3097"},"modified":"2019-09-27T14:04:18","modified_gmt":"2019-09-27T14:04:18","slug":"parceiros","status":"publish","type":"page","link":"https:\/\/tecnovip.com\/?page_id=3097","title":{"rendered":"CLIENTES"},"content":{"rendered":"<p>[vc_row rt_row_background_width=&#8221;default&#8221; rt_row_style=&#8221;default-style&#8221; rt_row_borders=&#8221;&#8221; rt_row_paddings=&#8221;true&#8221; rt_bg_effect=&#8221;classic&#8221; rt_bg_image_repeat=&#8221;repeat&#8221; rt_bg_size=&#8221;cover&#8221; rt_bg_position=&#8221;right top&#8221; rt_bg_attachment=&#8221;scroll&#8221; rt_bg_video_format=&#8221;self-hosted&#8221;][vc_column rt_wrp_col_paddings=&#8221;false&#8221; rt_border_top=&#8221;&#8221; rt_border_bottom=&#8221;&#8221; rt_border_left=&#8221;&#8221; rt_border_right=&#8221;&#8221; rt_border_top_mobile=&#8221;&#8221; rt_border_bottom_mobile=&#8221;&#8221; rt_border_left_mobile=&#8221;&#8221; rt_border_right_mobile=&#8221;&#8221; rt_bg_image_repeat=&#8221;repeat&#8221; rt_bg_size=&#8221;auto auto&#8221; rt_bg_position=&#8221;right top&#8221; rt_bg_attachment=&#8221;scroll&#8221;][vc_column_text]A Tecnovip possui clientes em praticamente todos os segmentos produtivos do mercado, em fun\u00e7\u00e3o de nossa ampla linha de equipamentos de medi\u00e7\u00e3o e servi\u00e7os de calibra\u00e7\u00e3o.<\/p>\n<p>Atendemos empresas de qualquer porte e perfil, buscando oferecer as solu\u00e7\u00f5es mais adequadas para a necessidade e para a realidade de cada cliente. Na Tecnovip, sua empresa tem um atendimento personalizado.<\/p>\n<p>Nossa atua\u00e7\u00e3o \u00e9 nacional, isto \u00e9, estamos aptos a atender clientes localizados em todos os Estados do Brasil, com a mesma qualidade, compromisso e seriedade.[\/vc_column_text][vc_images_carousel images=&#8221;3266,3265,3264,3263,3262,3261,3260,3259,3258,3256,3255&#8243; img_size=&#8221;large&#8221; onclick=&#8221;link_no&#8221; slides_per_view=&#8221;7&#8243; hide_pagination_control=&#8221;yes&#8221; title=&#8221;CLIENTES&#8221;][\/vc_column][\/vc_row]<\/p>\n","protected":false},"excerpt":{"rendered":"<p>[vc_row rt_row_background_width=&#8221;default&#8221; rt_row_style=&#8221;default-style&#8221; rt_row_borders=&#8221;&#8221; rt_row_paddings=&#8221;true&#8221; rt_bg_effect=&#8221;classic&#8221; rt_bg_image_repeat=&#8221;repeat&#8221; rt_bg_size=&#8221;cover&#8221; rt_bg_position=&#8221;right top&#8221; rt_bg_attachment=&#8221;scroll&#8221; rt_bg_video_format=&#8221;self-hosted&#8221;][vc_column rt_wrp_col_paddings=&#8221;false&#8221; rt_border_top=&#8221;&#8221; rt_border_bottom=&#8221;&#8221; rt_border_left=&#8221;&#8221; rt_border_right=&#8221;&#8221; rt_border_top_mobile=&#8221;&#8221; rt_border_bottom_mobile=&#8221;&#8221; rt_border_left_mobile=&#8221;&#8221; rt_border_right_mobile=&#8221;&#8221; rt_bg_image_repeat=&#8221;repeat&#8221; rt_bg_size=&#8221;auto auto&#8221; rt_bg_position=&#8221;right top&#8221; rt_bg_attachment=&#8221;scroll&#8221;][vc_column_text]A Tecnovip possui clientes em praticamente todos os segmentos produtivos do mercado, em fun\u00e7\u00e3o de nossa ampla linha de equipamentos de medi\u00e7\u00e3o e servi\u00e7os de calibra\u00e7\u00e3o. Atendemos empresas de [&hellip;]<\/p>\n","protected":false},"author":1,"featured_media":0,"parent":0,"menu_order":0,"comment_status":"closed","ping_status":"closed","template":"","meta":{"footnotes":""},"class_list":["post-3097","page","type-page","status-publish","hentry"],"_links":{"self":[{"href":"https:\/\/tecnovip.com\/index.php?rest_route=\/wp\/v2\/pages\/3097","targetHints":{"allow":["GET"]}}],"collection":[{"href":"https:\/\/tecnovip.com\/index.php?rest_route=\/wp\/v2\/pages"}],"about":[{"href":"https:\/\/tecnovip.com\/index.php?rest_route=\/wp\/v2\/types\/page"}],"author":[{"embeddable":true,"href":"https:\/\/tecnovip.com\/index.php?rest_route=\/wp\/v2\/users\/1"}],"replies":[{"embeddable":true,"href":"https:\/\/tecnovip.com\/index.php?rest_route=%2Fwp%2Fv2%2Fcomments&post=3097"}],"version-history":[{"count":13,"href":"https:\/\/tecnovip.com\/index.php?rest_route=\/wp\/v2\/pages\/3097\/revisions"}],"predecessor-version":[{"id":3771,"href":"https:\/\/tecnovip.com\/index.php?rest_route=\/wp\/v2\/pages\/3097\/revisions\/3771"}],"wp:attachment":[{"href":"https:\/\/tecnovip.com\/index.php?rest_route=%2Fwp%2Fv2%2Fmedia&parent=3097"}],"curies":[{"name":"wp","href":"https:\/\/api.w.org\/{rel}","templated":true}]}}