{"id":3059,"date":"2019-05-03T18:32:58","date_gmt":"2019-05-03T18:32:58","guid":{"rendered":"https:\/\/tecnovip.com\/?page_id=3059"},"modified":"2019-05-03T19:14:17","modified_gmt":"2019-05-03T19:14:17","slug":"politica-de-privacidade","status":"publish","type":"page","link":"https:\/\/tecnovip.com\/?page_id=3059","title":{"rendered":"POL\u00cdTICA DE PRIVACIDADE"},"content":{"rendered":"<p>[vc_row rt_row_background_width=&#8221;default&#8221; rt_row_style=&#8221;default-style&#8221; rt_row_borders=&#8221;&#8221; rt_row_paddings=&#8221;true&#8221; rt_bg_effect=&#8221;classic&#8221; rt_bg_image_repeat=&#8221;repeat&#8221; rt_bg_size=&#8221;cover&#8221; rt_bg_position=&#8221;right top&#8221; rt_bg_attachment=&#8221;scroll&#8221; rt_bg_video_format=&#8221;self-hosted&#8221;][vc_column rt_wrp_col_paddings=&#8221;false&#8221; rt_border_top=&#8221;&#8221; rt_border_bottom=&#8221;&#8221; rt_border_left=&#8221;&#8221; rt_border_right=&#8221;&#8221; rt_border_top_mobile=&#8221;&#8221; rt_border_bottom_mobile=&#8221;&#8221; rt_border_left_mobile=&#8221;&#8221; rt_border_right_mobile=&#8221;&#8221; rt_bg_image_repeat=&#8221;repeat&#8221; rt_bg_size=&#8221;auto auto&#8221; rt_bg_position=&#8221;right top&#8221; rt_bg_attachment=&#8221;scroll&#8221;][vc_tta_accordion color=&#8221;sky&#8221; active_section=&#8221;1&#8243; title=&#8221;Nosso compromisso com as informa\u00e7\u00f5es fornecidas.&#8221;][vc_tta_section tab_id=&#8221;1556908275188-4a2acfd5-b961&#8243; title=&#8221; POL\u00cdTICA DE PRIVACIDADE:.&#8221;][vc_column_text]A\u00a0<strong>Tecnovip<\/strong>\u00a0compromete-se a proteger sua privacidade e desenvolver tecnologias que lhe ofere\u00e7am uma experi\u00eancia online mais interessante e segura.\u00a0Ao acessar este portal\/site, voc\u00ea estar\u00e1 concordando com as pr\u00e1ticas de uso de dados descritas nesta declara\u00e7\u00e3o.<\/p>\n<p><strong>1. Coletando suas informa\u00e7\u00f5es pessoais<\/strong><\/p>\n<p>Quando necess\u00e1rio, pediremos informa\u00e7\u00f5es que o identifiquem pessoalmente ou que nos permitam entrar em contato com voc\u00ea. De modo geral, as informa\u00e7\u00f5es ser\u00e3o solicitadas quando voc\u00ea precisar de cota\u00e7\u00f5es, materiais t\u00e9cnicos, orienta\u00e7\u00e3oes, visitas, servi\u00e7os, assinar boletins informativos por e-mail, ingressar em sites especiais com acesso limitado ou ao adquirir produtos por n\u00f3s comercializados.<\/p>\n<p><strong>2. Uso de suas informa\u00e7\u00f5es pessoais<\/strong><\/p>\n<p>Usamos suas informa\u00e7\u00f5es pessoais para quatro fins principais:<\/p>\n<p>&nbsp;<\/p>\n<table width=\"100%\">\n<tbody>\n<tr>\n<td width=\"655\">Poder enviar as informa\u00e7\u00f5es solicitadas por sua pessoa.<\/td>\n<\/tr>\n<tr>\n<td width=\"655\">Ajudar-nos a criar e fornecer um conte\u00fado mais relevante para voc\u00ea.<\/td>\n<\/tr>\n<tr>\n<td width=\"655\">Inform\u00e1-lo de atualiza\u00e7\u00f5es de produtos, ofertas especiais, informa\u00e7\u00f5es atualizadas e outros novos servi\u00e7os.<\/td>\n<\/tr>\n<tr>\n<td width=\"655\">Oferecer-lhe servi\u00e7os de interesse.<\/td>\n<\/tr>\n<\/tbody>\n<\/table>\n<p>&nbsp;<\/p>\n<p>As informa\u00e7\u00f5es coletadas por este portal\/site poder\u00e3o ser compartilhadas dentro da Tecnovip e com nossos representantes locais, para poder oferecer um atendimento personalizado. Al\u00e9m disso, ocasionalmente contratamos outras empresas para fornecer servi\u00e7os limitados e\u00a0terceirizados, como embalar, distribuir e entregar compras, responder perguntas de clientes sobre produtos e servi\u00e7os, enviar correio postal e processar registro de eventos. Fornecemos a essas empresas somente as informa\u00e7\u00f5es necess\u00e1rias para que possam realizar o servi\u00e7o; elas s\u00e3o proibidas de usar essas informa\u00e7\u00f5es com qualquer outro objetivo.<\/p>\n<p>A Tecnovip poder\u00e1 divulgar suas informa\u00e7\u00f5es pessoais, sem aviso pr\u00e9vio, caso sejam obrigados a faz\u00ea-lo em virtude de lei ou na convic\u00e7\u00e3o de que tais medidas sejam necess\u00e1rias para: (a) atender \u00e0s disposi\u00e7\u00f5es legais ou cumprir determina\u00e7\u00e3o judicial; (b) proteger e defender os direitos ou ativos da Tecnovip e dos usu\u00e1rios deste portal\/site; e (c) agir em circunst\u00e2ncias que demandem a prote\u00e7\u00e3o e a seguran\u00e7a pessoal dos usu\u00e1rios da Tecnovip, seus portais\/sites da Web ou o p\u00fablico.<strong>\u00a0<\/strong><\/p>\n<p><strong>3. Controle de suas informa\u00e7\u00f5es pessoais<\/strong><\/p>\n<p>Quando voc\u00ea se registra ou nos fornece informa\u00e7\u00f5es pessoais de alguma outra forma, n\u00e3o compartilhamos tais informa\u00e7\u00f5es com terceiros sem sua permiss\u00e3o, salvo nas poucas exce\u00e7\u00f5es j\u00e1 relacionadas. Elas ser\u00e3o usadas somente para os fins acima descritos. No caso de nossa Newsletter, poderemos enviar-lhe e-mails, peri\u00f3dicos ou n\u00e3o, informando sobre quest\u00f5es de produtos ou\u00a0servi\u00e7os t\u00e9cnicos relacionadas a alguma solicita\u00e7\u00e3o de sua pessoa.<strong>\u00a0<\/strong><\/p>\n<p><strong>4. Seguran\u00e7a de suas informa\u00e7\u00f5es pessoais<\/strong><\/p>\n<p>A Tecnovip protege com rigor a seguran\u00e7a de suas informa\u00e7\u00f5es pessoais e honram suas op\u00e7\u00f5es de uso. Protegemos cuidadosamente seus dados contra perda, uso impr\u00f3prio, acesso ou divulga\u00e7\u00e3o n\u00e3o autorizados, altera\u00e7\u00e3o ou destrui\u00e7\u00e3o. Suas informa\u00e7\u00f5es pessoais nunca s\u00e3o compartilhadas fora da empresa sem sua permiss\u00e3o, exceto nas condi\u00e7\u00f5es acima descritas.<\/p>\n<p>Voc\u00ea tamb\u00e9m tem uma fun\u00e7\u00e3o importante na prote\u00e7\u00e3o de suas informa\u00e7\u00f5es.<\/p>\n<p><strong>5. Altera\u00e7\u00f5es nesta declara\u00e7\u00e3o<\/strong><\/p>\n<p>A Tecnovip reserva-se o direito de alterar, ocasionalmente, esta Pol\u00edtica de Privacidade. Quando o fizermos, alteraremos tamb\u00e9m a data da \u201c\u00faltima atualiza\u00e7\u00e3o\u201d na parte inferior da Pol\u00edtica de Privacidade.<\/p>\n<p><strong>6. Informa\u00e7\u00f5es de contato<\/strong><\/p>\n<p>Receberemos com prazer seus coment\u00e1rios relativos a esta Pol\u00edtica de privacidade. Entre em contato conosco por e-mail\u00a0ou pelo telefone.<\/p>\n<p>\u00daltima atualiza\u00e7\u00e3o: 16\/10\/2006[\/vc_column_text][\/vc_tta_section][\/vc_tta_accordion][\/vc_column][\/vc_row]<\/p>\n","protected":false},"excerpt":{"rendered":"<p>[vc_row rt_row_background_width=&#8221;default&#8221; rt_row_style=&#8221;default-style&#8221; rt_row_borders=&#8221;&#8221; rt_row_paddings=&#8221;true&#8221; rt_bg_effect=&#8221;classic&#8221; rt_bg_image_repeat=&#8221;repeat&#8221; rt_bg_size=&#8221;cover&#8221; rt_bg_position=&#8221;right top&#8221; rt_bg_attachment=&#8221;scroll&#8221; rt_bg_video_format=&#8221;self-hosted&#8221;][vc_column rt_wrp_col_paddings=&#8221;false&#8221; rt_border_top=&#8221;&#8221; rt_border_bottom=&#8221;&#8221; rt_border_left=&#8221;&#8221; rt_border_right=&#8221;&#8221; rt_border_top_mobile=&#8221;&#8221; rt_border_bottom_mobile=&#8221;&#8221; rt_border_left_mobile=&#8221;&#8221; rt_border_right_mobile=&#8221;&#8221; rt_bg_image_repeat=&#8221;repeat&#8221; rt_bg_size=&#8221;auto auto&#8221; rt_bg_position=&#8221;right top&#8221; rt_bg_attachment=&#8221;scroll&#8221;][vc_tta_accordion color=&#8221;sky&#8221; active_section=&#8221;1&#8243; title=&#8221;Nosso compromisso com as informa\u00e7\u00f5es fornecidas.&#8221;][vc_tta_section tab_id=&#8221;1556908275188-4a2acfd5-b961&#8243; title=&#8221; POL\u00cdTICA DE PRIVACIDADE:.&#8221;][vc_column_text]A\u00a0Tecnovip\u00a0compromete-se a proteger sua privacidade e desenvolver tecnologias que lhe ofere\u00e7am uma experi\u00eancia online mais interessante [&hellip;]<\/p>\n","protected":false},"author":1,"featured_media":0,"parent":0,"menu_order":0,"comment_status":"closed","ping_status":"closed","template":"","meta":{"footnotes":""},"class_list":["post-3059","page","type-page","status-publish","hentry"],"_links":{"self":[{"href":"https:\/\/tecnovip.com\/index.php?rest_route=\/wp\/v2\/pages\/3059","targetHints":{"allow":["GET"]}}],"collection":[{"href":"https:\/\/tecnovip.com\/index.php?rest_route=\/wp\/v2\/pages"}],"about":[{"href":"https:\/\/tecnovip.com\/index.php?rest_route=\/wp\/v2\/types\/page"}],"author":[{"embeddable":true,"href":"https:\/\/tecnovip.com\/index.php?rest_route=\/wp\/v2\/users\/1"}],"replies":[{"embeddable":true,"href":"https:\/\/tecnovip.com\/index.php?rest_route=%2Fwp%2Fv2%2Fcomments&post=3059"}],"version-history":[{"count":3,"href":"https:\/\/tecnovip.com\/index.php?rest_route=\/wp\/v2\/pages\/3059\/revisions"}],"predecessor-version":[{"id":3062,"href":"https:\/\/tecnovip.com\/index.php?rest_route=\/wp\/v2\/pages\/3059\/revisions\/3062"}],"wp:attachment":[{"href":"https:\/\/tecnovip.com\/index.php?rest_route=%2Fwp%2Fv2%2Fmedia&parent=3059"}],"curies":[{"name":"wp","href":"https:\/\/api.w.org\/{rel}","templated":true}]}}