{"id":3056,"date":"2019-05-03T18:25:18","date_gmt":"2019-05-03T18:25:18","guid":{"rendered":"https:\/\/tecnovip.com\/?page_id=3056"},"modified":"2020-07-31T18:10:50","modified_gmt":"2020-07-31T18:10:50","slug":"politica-da-qualidade","status":"publish","type":"page","link":"https:\/\/tecnovip.com\/?page_id=3056","title":{"rendered":"POL\u00cdTICA DA QUALIDADE"},"content":{"rendered":"<p>[vc_row rt_row_background_width=&#8221;default&#8221; rt_row_style=&#8221;default-style&#8221; rt_row_borders=&#8221;&#8221; rt_row_paddings=&#8221;true&#8221; rt_bg_effect=&#8221;classic&#8221; rt_bg_image_repeat=&#8221;repeat&#8221; rt_bg_size=&#8221;cover&#8221; rt_bg_position=&#8221;right top&#8221; rt_bg_attachment=&#8221;scroll&#8221; rt_bg_video_format=&#8221;self-hosted&#8221;][vc_column rt_wrp_col_paddings=&#8221;false&#8221; rt_border_top=&#8221;&#8221; rt_border_bottom=&#8221;&#8221; rt_border_left=&#8221;&#8221; rt_border_right=&#8221;&#8221; rt_border_top_mobile=&#8221;&#8221; rt_border_bottom_mobile=&#8221;&#8221; rt_border_left_mobile=&#8221;&#8221; rt_border_right_mobile=&#8221;&#8221; rt_bg_image_repeat=&#8221;repeat&#8221; rt_bg_size=&#8221;auto auto&#8221; rt_bg_position=&#8221;right top&#8221; rt_bg_attachment=&#8221;scroll&#8221;][vc_column_text css_animation=&#8221;bounceInUp&#8221;]<strong>Laborat\u00f3rio de Calibra\u00e7\u00e3o da Tecnovip<\/strong><\/p>\n<ul>\n<li>Oferecer servi\u00e7os de calibra\u00e7\u00e3o aos nossos clientes, buscando a sua satisfa\u00e7\u00e3o e superando suas expectativas;<\/li>\n<li>Buscar o comprometimento de todos os colaboradores com a qualidade dos servi\u00e7os, e com as boas pr\u00e1ticas profissionais;<\/li>\n<li>Aperfei\u00e7oar constantemente esta pol\u00edtica e o sistema de gest\u00e3o, atrav\u00e9s do treinamento cont\u00ednuo, e da conformidade com a Norma ABNT NBR ISO\/IEC 17025:2017.<\/li>\n<li>O Laborat\u00f3rio Tecnovip assegura a confiabilidade das informa\u00e7\u00f5es dos clientes, bem como a imparcialidade nas atividades de calibra\u00e7\u00e3o, n\u00e3o afetando os resultados do laborat\u00f3rio independente de press\u00f5es comerciais, financeiras ou outros fatores.<\/li>\n<\/ul>\n<p>Dire\u00e7\u00e3o[\/vc_column_text][\/vc_column][\/vc_row]<\/p>\n","protected":false},"excerpt":{"rendered":"<p>[vc_row rt_row_background_width=&#8221;default&#8221; rt_row_style=&#8221;default-style&#8221; rt_row_borders=&#8221;&#8221; rt_row_paddings=&#8221;true&#8221; rt_bg_effect=&#8221;classic&#8221; rt_bg_image_repeat=&#8221;repeat&#8221; rt_bg_size=&#8221;cover&#8221; rt_bg_position=&#8221;right top&#8221; rt_bg_attachment=&#8221;scroll&#8221; rt_bg_video_format=&#8221;self-hosted&#8221;][vc_column rt_wrp_col_paddings=&#8221;false&#8221; rt_border_top=&#8221;&#8221; rt_border_bottom=&#8221;&#8221; rt_border_left=&#8221;&#8221; rt_border_right=&#8221;&#8221; rt_border_top_mobile=&#8221;&#8221; rt_border_bottom_mobile=&#8221;&#8221; rt_border_left_mobile=&#8221;&#8221; rt_border_right_mobile=&#8221;&#8221; rt_bg_image_repeat=&#8221;repeat&#8221; rt_bg_size=&#8221;auto auto&#8221; rt_bg_position=&#8221;right top&#8221; rt_bg_attachment=&#8221;scroll&#8221;][vc_column_text css_animation=&#8221;bounceInUp&#8221;]Laborat\u00f3rio de Calibra\u00e7\u00e3o da Tecnovip Oferecer servi\u00e7os de calibra\u00e7\u00e3o aos nossos clientes, buscando a sua satisfa\u00e7\u00e3o e superando suas expectativas; Buscar o comprometimento de todos os colaboradores com [&hellip;]<\/p>\n","protected":false},"author":1,"featured_media":0,"parent":0,"menu_order":0,"comment_status":"closed","ping_status":"closed","template":"","meta":{"footnotes":""},"class_list":["post-3056","page","type-page","status-publish","hentry"],"_links":{"self":[{"href":"https:\/\/tecnovip.com\/index.php?rest_route=\/wp\/v2\/pages\/3056","targetHints":{"allow":["GET"]}}],"collection":[{"href":"https:\/\/tecnovip.com\/index.php?rest_route=\/wp\/v2\/pages"}],"about":[{"href":"https:\/\/tecnovip.com\/index.php?rest_route=\/wp\/v2\/types\/page"}],"author":[{"embeddable":true,"href":"https:\/\/tecnovip.com\/index.php?rest_route=\/wp\/v2\/users\/1"}],"replies":[{"embeddable":true,"href":"https:\/\/tecnovip.com\/index.php?rest_route=%2Fwp%2Fv2%2Fcomments&post=3056"}],"version-history":[{"count":3,"href":"https:\/\/tecnovip.com\/index.php?rest_route=\/wp\/v2\/pages\/3056\/revisions"}],"predecessor-version":[{"id":4227,"href":"https:\/\/tecnovip.com\/index.php?rest_route=\/wp\/v2\/pages\/3056\/revisions\/4227"}],"wp:attachment":[{"href":"https:\/\/tecnovip.com\/index.php?rest_route=%2Fwp%2Fv2%2Fmedia&parent=3056"}],"curies":[{"name":"wp","href":"https:\/\/api.w.org\/{rel}","templated":true}]}}