{"id":3053,"date":"2019-05-03T18:17:45","date_gmt":"2019-05-03T18:17:45","guid":{"rendered":"https:\/\/tecnovip.com\/?page_id=3053"},"modified":"2019-05-03T18:17:45","modified_gmt":"2019-05-03T18:17:45","slug":"revendas","status":"publish","type":"page","link":"https:\/\/tecnovip.com\/?page_id=3053","title":{"rendered":"REVENDAS"},"content":{"rendered":"<p>[vc_row rt_row_background_width=&#8221;default&#8221; rt_row_style=&#8221;default-style&#8221; rt_row_borders=&#8221;&#8221; rt_row_paddings=&#8221;true&#8221; rt_bg_effect=&#8221;classic&#8221; rt_bg_image_repeat=&#8221;repeat&#8221; rt_bg_size=&#8221;cover&#8221; rt_bg_position=&#8221;right top&#8221; rt_bg_attachment=&#8221;scroll&#8221; rt_bg_video_format=&#8221;self-hosted&#8221;][vc_column rt_wrp_col_paddings=&#8221;false&#8221; rt_border_top=&#8221;&#8221; rt_border_bottom=&#8221;&#8221; rt_border_left=&#8221;&#8221; rt_border_right=&#8221;&#8221; rt_border_top_mobile=&#8221;&#8221; rt_border_bottom_mobile=&#8221;&#8221; rt_border_left_mobile=&#8221;&#8221; rt_border_right_mobile=&#8221;&#8221; rt_bg_image_repeat=&#8221;repeat&#8221; rt_bg_size=&#8221;auto auto&#8221; rt_bg_position=&#8221;right top&#8221; rt_bg_attachment=&#8221;scroll&#8221;][vc_column_text css_animation=&#8221;bounceInRight&#8221;]<\/p>\n<h4 style=\"text-align: center;\">A\u00a0<strong>Tecnovip<\/strong>\u00a0est\u00e1 selecionando novas revendas.<\/h4>\n<h4 style=\"text-align: center;\">Possu\u00edmos uma pol\u00edtica comercial definida, clara e simples.<\/h4>\n<h4 style=\"text-align: center;\">Envie dados cadastrais de sua empresa e fa\u00e7a parte deste time!<\/h4>\n<h4 style=\"text-align: center;\"><a href=\"mailto:comercial@tecnovip.com\">comercial@tecnovip.com<\/a><\/h4>\n<p>[\/vc_column_text][\/vc_column][\/vc_row]<\/p>\n","protected":false},"excerpt":{"rendered":"<p>[vc_row rt_row_background_width=&#8221;default&#8221; rt_row_style=&#8221;default-style&#8221; rt_row_borders=&#8221;&#8221; rt_row_paddings=&#8221;true&#8221; rt_bg_effect=&#8221;classic&#8221; rt_bg_image_repeat=&#8221;repeat&#8221; rt_bg_size=&#8221;cover&#8221; rt_bg_position=&#8221;right top&#8221; rt_bg_attachment=&#8221;scroll&#8221; rt_bg_video_format=&#8221;self-hosted&#8221;][vc_column rt_wrp_col_paddings=&#8221;false&#8221; rt_border_top=&#8221;&#8221; rt_border_bottom=&#8221;&#8221; rt_border_left=&#8221;&#8221; rt_border_right=&#8221;&#8221; rt_border_top_mobile=&#8221;&#8221; rt_border_bottom_mobile=&#8221;&#8221; rt_border_left_mobile=&#8221;&#8221; rt_border_right_mobile=&#8221;&#8221; rt_bg_image_repeat=&#8221;repeat&#8221; rt_bg_size=&#8221;auto auto&#8221; rt_bg_position=&#8221;right top&#8221; rt_bg_attachment=&#8221;scroll&#8221;][vc_column_text css_animation=&#8221;bounceInRight&#8221;] A\u00a0Tecnovip\u00a0est\u00e1 selecionando novas revendas. Possu\u00edmos uma pol\u00edtica comercial definida, clara e simples. Envie dados cadastrais de sua empresa e fa\u00e7a parte deste time! comercial@tecnovip.com [\/vc_column_text][\/vc_column][\/vc_row]<\/p>\n","protected":false},"author":1,"featured_media":0,"parent":0,"menu_order":0,"comment_status":"closed","ping_status":"closed","template":"","meta":{"footnotes":""},"class_list":["post-3053","page","type-page","status-publish","hentry"],"_links":{"self":[{"href":"https:\/\/tecnovip.com\/index.php?rest_route=\/wp\/v2\/pages\/3053","targetHints":{"allow":["GET"]}}],"collection":[{"href":"https:\/\/tecnovip.com\/index.php?rest_route=\/wp\/v2\/pages"}],"about":[{"href":"https:\/\/tecnovip.com\/index.php?rest_route=\/wp\/v2\/types\/page"}],"author":[{"embeddable":true,"href":"https:\/\/tecnovip.com\/index.php?rest_route=\/wp\/v2\/users\/1"}],"replies":[{"embeddable":true,"href":"https:\/\/tecnovip.com\/index.php?rest_route=%2Fwp%2Fv2%2Fcomments&post=3053"}],"version-history":[{"count":2,"href":"https:\/\/tecnovip.com\/index.php?rest_route=\/wp\/v2\/pages\/3053\/revisions"}],"predecessor-version":[{"id":3055,"href":"https:\/\/tecnovip.com\/index.php?rest_route=\/wp\/v2\/pages\/3053\/revisions\/3055"}],"wp:attachment":[{"href":"https:\/\/tecnovip.com\/index.php?rest_route=%2Fwp%2Fv2%2Fmedia&parent=3053"}],"curies":[{"name":"wp","href":"https:\/\/api.w.org\/{rel}","templated":true}]}}