{"id":3042,"date":"2019-05-03T17:48:29","date_gmt":"2019-05-03T17:48:29","guid":{"rendered":"https:\/\/tecnovip.com\/?page_id=3042"},"modified":"2019-05-03T17:55:55","modified_gmt":"2019-05-03T17:55:55","slug":"aplicacoes","status":"publish","type":"page","link":"https:\/\/tecnovip.com\/?page_id=3042","title":{"rendered":"APLICA\u00c7\u00d5ES"},"content":{"rendered":"<p>[vc_row rt_row_background_width=&#8221;default&#8221; rt_row_style=&#8221;default-style&#8221; rt_row_borders=&#8221;&#8221; rt_row_paddings=&#8221;true&#8221; rt_bg_effect=&#8221;classic&#8221; rt_bg_image_repeat=&#8221;repeat&#8221; rt_bg_size=&#8221;cover&#8221; rt_bg_position=&#8221;right top&#8221; rt_bg_attachment=&#8221;scroll&#8221; rt_bg_video_format=&#8221;self-hosted&#8221;][vc_column rt_wrp_col_paddings=&#8221;false&#8221; rt_border_top=&#8221;&#8221; rt_border_bottom=&#8221;&#8221; rt_border_left=&#8221;&#8221; rt_border_right=&#8221;&#8221; rt_border_top_mobile=&#8221;&#8221; rt_border_bottom_mobile=&#8221;&#8221; rt_border_left_mobile=&#8221;&#8221; rt_border_right_mobile=&#8221;&#8221; rt_bg_image_repeat=&#8221;repeat&#8221; rt_bg_size=&#8221;auto auto&#8221; rt_bg_position=&#8221;right top&#8221; rt_bg_attachment=&#8221;scroll&#8221;][vc_column_text]<\/p>\n<p style=\"text-align: center;\">Equipamentos para enorme gama de aplica\u00e7\u00f5es:<br \/>\nMais de 70.000 itens na linha de equipamentos de medi\u00e7\u00e3o.<\/p>\n<p style=\"text-align: center;\">A Tecnovip possui\u00a0<strong>equipamentos de medi\u00e7\u00e3o<\/strong>\u00a0e controle para uma enorme gama de aplica\u00e7\u00f5es, em todos os segmentos do mercado.<\/p>\n<p>[\/vc_column_text][\/vc_column][\/vc_row][vc_row rt_row_background_width=&#8221;default&#8221; rt_row_style=&#8221;default-style&#8221; rt_row_borders=&#8221;&#8221; rt_row_paddings=&#8221;true&#8221; rt_bg_effect=&#8221;classic&#8221; rt_bg_image_repeat=&#8221;repeat&#8221; rt_bg_size=&#8221;cover&#8221; rt_bg_position=&#8221;right top&#8221; rt_bg_attachment=&#8221;scroll&#8221; rt_bg_video_format=&#8221;self-hosted&#8221;][vc_column rt_wrp_col_paddings=&#8221;false&#8221; rt_border_top=&#8221;&#8221; rt_border_bottom=&#8221;&#8221; rt_border_left=&#8221;&#8221; rt_border_right=&#8221;&#8221; rt_border_top_mobile=&#8221;&#8221; rt_border_bottom_mobile=&#8221;&#8221; rt_border_left_mobile=&#8221;&#8221; rt_border_right_mobile=&#8221;&#8221; rt_bg_image_repeat=&#8221;repeat&#8221; rt_bg_size=&#8221;auto auto&#8221; rt_bg_position=&#8221;right top&#8221; rt_bg_attachment=&#8221;scroll&#8221;][vc_tta_accordion][vc_tta_section title=&#8221;Citamos abaixo somente alguns exemplos de aplica\u00e7\u00f5es:&#8221; tab_id=&#8221;1556905814397-2bdd25eb-d10a&#8221;][vc_column_text]\u2013 Registro e monitoramento de temperatura na Cadeia Log\u00edstica do Frio<\/p>\n<p>\u2013 Otimiza\u00e7\u00e3o de processo de combust\u00e3o em caldeiras \/ fornos<\/p>\n<p>\u2013 Monitoramento de emiss\u00f5es ambientais<\/p>\n<p>\u2013\u00a0<strong>Medi\u00e7\u00e3o de ponto<\/strong>\u00a0de orvalho em tubula\u00e7\u00f5es de transporte de g\u00e1s<\/p>\n<p>\u2013\u00a0<strong>Medi\u00e7\u00e3o de ponto<\/strong>\u00a0de orvalho na fabrica\u00e7\u00e3o de PET\u00b4s<\/p>\n<p>\u2013 Seguran\u00e7a do Trabalho, com medi\u00e7\u00e3o de par\u00e2metros de ambi\u00eancia e seguran\u00e7a<\/p>\n<p>\u2013\u00a0<strong>Medi\u00e7\u00e3o,<\/strong>\u00a0registro e\/ou monitoramento de umidade ambiente em produ\u00e7\u00e3o, transporte e armazenamento<\/p>\n<p>\u2013\u00a0<strong>Medi\u00e7\u00e3o<\/strong>\u00a0de Vaz\u00e3o de L\u00edquidos Viscosos e\/ou Corrosivos<\/p>\n<p>\u2013\u00a0<strong>Medi\u00e7\u00e3o<\/strong>\u00a0de umidade de produtos<\/p>\n<p>\u2013\u00a0<strong>Pesagem<\/strong>\u00a0em laborat\u00f3rio, com precis\u00e3o<\/p>\n<p>\u2013\u00a0<strong>Pesagem<\/strong>\u00a0em ambiente industrial<\/p>\n<p>\u2013\u00a0<strong>Equipamentos para dosagem<\/strong>\u00a0de l\u00edquidos<\/p>\n<p>\u2013 Monitoramento meteorol\u00f3gico e hidrol\u00f3gico<\/p>\n<p>\u2013 Transmiss\u00e3o de dados medidos via wireless<\/p>\n<p>\u2013\u00a0<strong>Medi\u00e7\u00e3o de altas<\/strong>\u00a0temperaturas, com e sem contato<\/p>\n<p>\u2013 Detec\u00e7\u00e3o de chamas<\/p>\n<p>\u2013 etc.<\/p>\n<p><strong>Consulte-nos sobre sua aplica\u00e7\u00e3o. Teremos prazer em lhe indicar o equipamento mais adequado.<\/strong>[\/vc_column_text][\/vc_tta_section][\/vc_tta_accordion][\/vc_column][\/vc_row]<\/p>\n","protected":false},"excerpt":{"rendered":"<p>[vc_row rt_row_background_width=&#8221;default&#8221; rt_row_style=&#8221;default-style&#8221; rt_row_borders=&#8221;&#8221; rt_row_paddings=&#8221;true&#8221; rt_bg_effect=&#8221;classic&#8221; rt_bg_image_repeat=&#8221;repeat&#8221; rt_bg_size=&#8221;cover&#8221; rt_bg_position=&#8221;right top&#8221; rt_bg_attachment=&#8221;scroll&#8221; rt_bg_video_format=&#8221;self-hosted&#8221;][vc_column rt_wrp_col_paddings=&#8221;false&#8221; rt_border_top=&#8221;&#8221; rt_border_bottom=&#8221;&#8221; rt_border_left=&#8221;&#8221; rt_border_right=&#8221;&#8221; rt_border_top_mobile=&#8221;&#8221; rt_border_bottom_mobile=&#8221;&#8221; rt_border_left_mobile=&#8221;&#8221; rt_border_right_mobile=&#8221;&#8221; rt_bg_image_repeat=&#8221;repeat&#8221; rt_bg_size=&#8221;auto auto&#8221; rt_bg_position=&#8221;right top&#8221; rt_bg_attachment=&#8221;scroll&#8221;][vc_column_text] Equipamentos para enorme gama de aplica\u00e7\u00f5es: Mais de 70.000 itens na linha de equipamentos de medi\u00e7\u00e3o. A Tecnovip possui\u00a0equipamentos de medi\u00e7\u00e3o\u00a0e controle para uma enorme gama de aplica\u00e7\u00f5es, [&hellip;]<\/p>\n","protected":false},"author":1,"featured_media":0,"parent":0,"menu_order":0,"comment_status":"closed","ping_status":"closed","template":"","meta":{"footnotes":""},"class_list":["post-3042","page","type-page","status-publish","hentry"],"_links":{"self":[{"href":"https:\/\/tecnovip.com\/index.php?rest_route=\/wp\/v2\/pages\/3042","targetHints":{"allow":["GET"]}}],"collection":[{"href":"https:\/\/tecnovip.com\/index.php?rest_route=\/wp\/v2\/pages"}],"about":[{"href":"https:\/\/tecnovip.com\/index.php?rest_route=\/wp\/v2\/types\/page"}],"author":[{"embeddable":true,"href":"https:\/\/tecnovip.com\/index.php?rest_route=\/wp\/v2\/users\/1"}],"replies":[{"embeddable":true,"href":"https:\/\/tecnovip.com\/index.php?rest_route=%2Fwp%2Fv2%2Fcomments&post=3042"}],"version-history":[{"count":4,"href":"https:\/\/tecnovip.com\/index.php?rest_route=\/wp\/v2\/pages\/3042\/revisions"}],"predecessor-version":[{"id":3046,"href":"https:\/\/tecnovip.com\/index.php?rest_route=\/wp\/v2\/pages\/3042\/revisions\/3046"}],"wp:attachment":[{"href":"https:\/\/tecnovip.com\/index.php?rest_route=%2Fwp%2Fv2%2Fmedia&parent=3042"}],"curies":[{"name":"wp","href":"https:\/\/api.w.org\/{rel}","templated":true}]}}